{"id":13,"date":"2023-02-10T20:58:24","date_gmt":"2023-02-10T20:58:24","guid":{"rendered":"https:\/\/quiddityeducacionlibre.com\/?page_id=13"},"modified":"2023-10-06T08:43:29","modified_gmt":"2023-10-06T08:43:29","slug":"nosotros","status":"publish","type":"page","link":"https:\/\/quiddityeducacionlibre.com\/index.php\/nosotros\/","title":{"rendered":"Nosotros"},"content":{"rendered":"<p>[et_pb_section fb_built=&#8221;1&#8243; _builder_version=&#8221;4.19.4&#8243; _module_preset=&#8221;default&#8221; background_color=&#8221;#eeede9&#8243; background_image=&#8221;http:\/\/quiddityeducacionlibre.com\/wp-content\/uploads\/2023\/04\/FERN.png&#8221; background_size=&#8221;custom&#8221; background_image_width=&#8221;59%&#8221; background_position=&#8221;top_right&#8221; background_horizontal_offset=&#8221;0%&#8221; background_vertical_offset=&#8221;-30%&#8221; custom_margin_tablet=&#8221;&#8221; custom_margin_phone=&#8221;|0px||0px|false|false&#8221; custom_margin_last_edited=&#8221;on|phone&#8221; custom_padding=&#8221;|0px||0px|false|false&#8221; global_colors_info=&#8221;{}&#8221;][et_pb_row column_structure=&#8221;1_2,1_2&#8243; _builder_version=&#8221;4.19.4&#8243; _module_preset=&#8221;default&#8221; width=&#8221;100%&#8221; custom_margin_tablet=&#8221;&#8221; custom_margin_phone=&#8221;|0px||0px|false|false&#8221; custom_margin_last_edited=&#8221;on|phone&#8221; custom_padding=&#8221;|0px||0px|false|false&#8221; locked=&#8221;off&#8221; global_colors_info=&#8221;{}&#8221;][et_pb_column type=&#8221;1_2&#8243; _builder_version=&#8221;4.19.4&#8243; _module_preset=&#8221;default&#8221; custom_padding=&#8221;|||0px|false|false&#8221; global_colors_info=&#8221;{}&#8221;][et_pb_text _builder_version=&#8221;4.19.4&#8243; _module_preset=&#8221;default&#8221; header_2_font=&#8221;Trispace||||||||&#8221; header_2_font_size=&#8221;36px&#8221; hover_enabled=&#8221;0&#8243; header_2_text_align_tablet=&#8221;center&#8221; header_2_text_align_phone=&#8221;center&#8221; header_2_text_align_last_edited=&#8221;on|phone&#8221; global_colors_info=&#8221;{}&#8221; sticky_enabled=&#8221;0&#8243;]<\/p>\n<h2>Ada L\u00f3pez Betancourt<\/h2>\n<p>[\/et_pb_text][et_pb_text _builder_version=&#8221;4.19.4&#8243; _module_preset=&#8221;default&#8221; header_2_font=&#8221;Trispace||||||||&#8221; header_3_font=&#8221;Vibur||||||||&#8221; header_3_text_align=&#8221;left&#8221; header_3_text_color=&#8221;#996300&#8243; header_3_font_size=&#8221;29px&#8221; header_3_line_height=&#8221;1.2em&#8221; custom_margin=&#8221;-27px||||false|false&#8221; header_3_text_align_tablet=&#8221;center&#8221; header_3_text_align_phone=&#8221;center&#8221; header_3_text_align_last_edited=&#8221;on|phone&#8221; header_3_font_size_tablet=&#8221;29px&#8221; header_3_font_size_phone=&#8221;27px&#8221; header_3_font_size_last_edited=&#8221;on|phone&#8221; global_colors_info=&#8221;{}&#8221;]<\/p>\n<h3>Acompa\u00f1ar procesos pedagogicos y<br \/>educativos familiares<\/h3>\n<p>[\/et_pb_text][et_pb_image src=&#8221;http:\/\/quiddityeducacionlibre.com\/wp-content\/uploads\/2023\/04\/ADA.png&#8221; title_text=&#8221;ADA&#8221; disabled_on=&#8221;off|off|on&#8221; _builder_version=&#8221;4.19.4&#8243; _module_preset=&#8221;default&#8221; width=&#8221;126%&#8221; max_width=&#8221;101%&#8221; custom_margin_tablet=&#8221;&#8221; custom_margin_phone=&#8221;0px|0px|18px|0px|false|false&#8221; custom_margin_last_edited=&#8221;on|phone&#8221; custom_padding=&#8221;0px|0px|0px|0px|false|false&#8221; global_colors_info=&#8221;{}&#8221;][\/et_pb_image][et_pb_text _builder_version=&#8221;4.19.4&#8243; _module_preset=&#8221;default&#8221; text_font_size=&#8221;17px&#8221; text_line_height=&#8221;1.8em&#8221; custom_margin_tablet=&#8221;&#8221; custom_margin_phone=&#8221;-7%||||false|false&#8221; custom_margin_last_edited=&#8221;on|phone&#8221; custom_padding_tablet=&#8221;|4%||4%|false|false&#8221; custom_padding_phone=&#8221;0px|7%||7%|false|false&#8221; custom_padding_last_edited=&#8221;on|phone&#8221; text_orientation_tablet=&#8221;center&#8221; text_orientation_phone=&#8221;center&#8221; text_orientation_last_edited=&#8221;on|phone&#8221; global_colors_info=&#8221;{}&#8221;]<\/p>\n<p>Mi nombre es Ada, actualmente me dedico\u00a0 a acompa\u00f1ar procesos pedagogicos educativos familiares, para ni\u00f1os de primera infancia, de la ni\u00f1ez y adolescentes, desde el autoconocimiento, la consciencia, permitiendo conectar al ser humano con su sabiduria innata,con sus reales intereses, moldeando el verdadero aprendizaje, propiciando derrivar paradigmas y programaciones, haciendo que el aprendizaje sea significativo para el estudiante y su familia.\u00a0A trav\u00e9s de las herramientas con las que he transformado mi vida: La inteligencia Emocional y La filosofia.<\/p>\n<p>Inicie este camino, introduciendome en el mundo de la transformacion educativa, ampliando la mirada, a un concepto de unidad y mayor profundidad sobre los sintomas fisicos, los conflictos sociales y academicos de las instituciones educactivas del mundo. Comprendiendo la importancia de la infancia en cada individuo, del acompa\u00f1amiento cercano a cada Ser humano para poder guiar desde la comprensi\u00f3n y el amor. Reconociendo que el ejemplo y la sinceridad del coraz\u00f3n de quienes realizan esta labor de guias, profesores,en fundamental para todo el proceso pedagogico &#8211; educativo familiar.<\/p>\n<p>He sido docente por m\u00e1s de 12 a\u00f1os, profesora de pedagogia infantil y Licenciada en filosofia con enfasis en filosofia para ni\u00f1os, estudie sobre la ense\u00f1anza de las ciencias investigativas para infantes e inteligencia emocional de lo cual aun continuo aprendiendo y estudiando. Actualmente estoy en formaci\u00f3n sobre las ciencias del comportamiento humano y analisis familiar. Paralelamente continuo alimentando mi proyecto investigativo sobre la educaci\u00f3n y la ense\u00f1anza.<\/p>\n<p>[\/et_pb_text][\/et_pb_column][et_pb_column type=&#8221;1_2&#8243; _builder_version=&#8221;4.19.4&#8243; _module_preset=&#8221;default&#8221; global_colors_info=&#8221;{}&#8221;][et_pb_image src=&#8221;http:\/\/quiddityeducacionlibre.com\/wp-content\/uploads\/2023\/04\/ADA.png&#8221; title_text=&#8221;ADA&#8221; disabled_on=&#8221;on|on|off&#8221; _builder_version=&#8221;4.19.4&#8243; _module_preset=&#8221;default&#8221; width=&#8221;121%&#8221; global_colors_info=&#8221;{}&#8221;][\/et_pb_image][et_pb_text _builder_version=&#8221;4.19.4&#8243; _module_preset=&#8221;default&#8221; header_3_font=&#8221;Trispace||||||||&#8221; header_3_text_align=&#8221;center&#8221; header_3_font_size=&#8221;20px&#8221; header_3_line_height=&#8221;1.4em&#8221; background_image=&#8221;http:\/\/quiddityeducacionlibre.com\/wp-content\/uploads\/2023\/02\/Group-5.png&#8221; custom_margin=&#8221;-35px||||false|false&#8221; custom_margin_tablet=&#8221;-40px||||false|false&#8221; custom_margin_phone=&#8221;-48px|26px||20px|false|false&#8221; custom_margin_last_edited=&#8221;on|phone&#8221; custom_padding=&#8221;30%|17%|30%|7%|true|false&#8221; custom_padding_tablet=&#8221;34%|17%|34%|7%|true|false&#8221; custom_padding_phone=&#8221;33%|13%|33%|8%|true|false&#8221; custom_padding_last_edited=&#8221;on|phone&#8221; header_3_font_size_tablet=&#8221;24px&#8221; header_3_font_size_phone=&#8221;17px&#8221; header_3_font_size_last_edited=&#8221;on|phone&#8221; locked=&#8221;off&#8221; global_colors_info=&#8221;{}&#8221;]<\/p>\n<h3>conectar al ser humano con su sabiduria innata,con sus reales intereses, moldeando el verdadero aprendizaje, propiciando derrivar paradigmas y programaciones, haciendo que el aprendizaje sea significativo para el estudiante y su familia.<\/h3>\n<p>[\/et_pb_text][\/et_pb_column][\/et_pb_row][et_pb_row _builder_version=&#8221;4.19.4&#8243; _module_preset=&#8221;default&#8221; width=&#8221;100%&#8221; max_width=&#8221;100%&#8221; custom_margin=&#8221;|0px||0px|false|false&#8221; custom_padding=&#8221;|0px||0px|false|false&#8221; global_colors_info=&#8221;{}&#8221;][et_pb_column type=&#8221;4_4&#8243; _builder_version=&#8221;4.19.4&#8243; _module_preset=&#8221;default&#8221; global_colors_info=&#8221;{}&#8221;][et_pb_image src=&#8221;http:\/\/quiddityeducacionlibre.com\/wp-content\/uploads\/2023\/04\/FARFALLA2.png&#8221; title_text=&#8221;FARFALLA2&#8243; align=&#8221;right&#8221; _builder_version=&#8221;4.19.4&#8243; _module_preset=&#8221;default&#8221; width=&#8221;25%&#8221; width_tablet=&#8221;25%&#8221; width_phone=&#8221;72%&#8221; width_last_edited=&#8221;on|phone&#8221; custom_margin=&#8221;-13%|22%|||false|false&#8221; custom_margin_tablet=&#8221;-32%|22%|||false|false&#8221; custom_margin_phone=&#8221;-32%|22%|||false|false&#8221; custom_margin_last_edited=&#8221;on|tablet&#8221; global_colors_info=&#8221;{}&#8221;][\/et_pb_image][et_pb_image src=&#8221;http:\/\/quiddityeducacionlibre.com\/wp-content\/uploads\/2023\/04\/FORMICHE.png&#8221; title_text=&#8221;FORMICHE&#8221; _builder_version=&#8221;4.19.4&#8243; _module_preset=&#8221;default&#8221; global_colors_info=&#8221;{}&#8221;][\/et_pb_image][\/et_pb_column][\/et_pb_row][\/et_pb_section]<\/p>\n","protected":false},"excerpt":{"rendered":"<p>Ada L\u00f3pez BetancourtAcompa\u00f1ar procesos pedagogicos yeducativos familiaresMi nombre es Ada, actualmente me dedico\u00a0 a acompa\u00f1ar procesos pedagogicos educativos familiares, para ni\u00f1os de primera infancia, de la ni\u00f1ez y adolescentes, desde el autoconocimiento, la consciencia, permitiendo conectar al ser humano con su sabiduria innata,con sus reales intereses, moldeando el verdadero aprendizaje, propiciando derrivar paradigmas y programaciones, [&hellip;]<\/p>\n","protected":false},"author":1,"featured_media":0,"parent":0,"menu_order":0,"comment_status":"closed","ping_status":"closed","template":"","meta":{"_et_pb_use_builder":"on","_et_pb_old_content":"<!-- wp:divi\/placeholder \/-->","_et_gb_content_width":"","footnotes":""},"_links":{"self":[{"href":"https:\/\/quiddityeducacionlibre.com\/index.php\/wp-json\/wp\/v2\/pages\/13"}],"collection":[{"href":"https:\/\/quiddityeducacionlibre.com\/index.php\/wp-json\/wp\/v2\/pages"}],"about":[{"href":"https:\/\/quiddityeducacionlibre.com\/index.php\/wp-json\/wp\/v2\/types\/page"}],"author":[{"embeddable":true,"href":"https:\/\/quiddityeducacionlibre.com\/index.php\/wp-json\/wp\/v2\/users\/1"}],"replies":[{"embeddable":true,"href":"https:\/\/quiddityeducacionlibre.com\/index.php\/wp-json\/wp\/v2\/comments?post=13"}],"version-history":[{"count":29,"href":"https:\/\/quiddityeducacionlibre.com\/index.php\/wp-json\/wp\/v2\/pages\/13\/revisions"}],"predecessor-version":[{"id":492,"href":"https:\/\/quiddityeducacionlibre.com\/index.php\/wp-json\/wp\/v2\/pages\/13\/revisions\/492"}],"wp:attachment":[{"href":"https:\/\/quiddityeducacionlibre.com\/index.php\/wp-json\/wp\/v2\/media?parent=13"}],"curies":[{"name":"wp","href":"https:\/\/api.w.org\/{rel}","templated":true}]}}